{"id":690,"date":"2023-11-17T11:34:42","date_gmt":"2023-11-17T10:34:42","guid":{"rendered":"https:\/\/bid.unimi.it\/?page_id=690"},"modified":"2023-12-11T15:00:34","modified_gmt":"2023-12-11T14:00:34","slug":"il-progetto","status":"publish","type":"page","link":"https:\/\/bid.unimi.it\/it\/il-progetto\/","title":{"rendered":"Il progetto"},"content":{"rendered":"<div class=\"wp-block-image\">\n<figure class=\"alignleft size-large is-resized\"><img loading=\"lazy\" decoding=\"async\" src=\"https:\/\/bid.unimi.it\/wp-content\/uploads\/sites\/87\/2023\/11\/Foto_About-360x150-1.jpg\" alt=\"\" width=\"1223\" height=\"510\"\/><\/figure><\/div>\n\n\n<div style=\"height:16px\" aria-hidden=\"true\" class=\"wp-block-spacer\"><\/div>\n\n\n\n<p>Il progetto studia la <strong>disuguaglianza economica e razziale\/etnica<\/strong> analizzando le determinanti della volont\u00e0 degli individui di redistribuire a favore delle persone svantaggiate. Attraverso un <strong>approccio multidisciplinare e quali-quantitativo<\/strong>, il progetto testa l\u2019efficacia di misure centrate sul ruolo dell\u2019identit\u00e0 volte a migliorare l\u2019atteggiamento nei confronti della redistribuzione e, come tale, a ridurre le disuguaglianze.<\/p>\n\n\n\n<p>Il progetto include <strong>prospettive economiche, psicologiche e sociologiche<\/strong> sulla percezione della disuguaglianza e si basa su approcci e letteratura multidisciplinari sulla redistribuzione e l\u2019identit\u00e0. Dato che gli esseri umani appartengono naturalmente a pi\u00f9 gruppi, la loro identificazione con un gruppo specifico dipende da quale partizione sociale \u00e8 saliente e, come tale, pu\u00f2 cambiare a seconda di come l\u2019identit\u00e0 viene inquadrata e descritta.<\/p>\n\n\n\n<p>Il progetto esplora l\u2019<strong>identit\u00e0<\/strong> nei suoi aspetti che dipendono dal contesto o che possono essere indotti, al fine di comprendere come costruire un\u2019identit\u00e0 inclusiva che favorisca la lotta alle disuguaglianze. Questo obiettivo viene perseguito attraverso una metodologia rigorosa basata su survey experiments, che coinvolgono <strong>un ampio campione di intervistati italiani, rappresentativo della popolazione italiana<\/strong>.<\/p>\n\n\n\n<p>Un&#8217;attivit\u00e0 chiave \u00e8 rappresentata dai <strong>workshop <\/strong>svolti in una <strong>scuola superiore di Milano<\/strong>. A causa del loro background eterogeneo e spesso multietnico, i giovani studenti rappresentano uno stakeholder chiave per il progetto. Crediamo che la costruzione di un\u2019identit\u00e0 inclusiva che abbracci sia i nativi che gli immigrati possa essere un percorso promettente per cambiare non solo il modo in cui le persone svantaggiate vengono percepite, ma anche il modo in cui le persone svantaggiate percepiscono se stesse e le loro opportunit\u00e0 di vivere un futuro migliore.<\/p>\n\n\n\n<p class=\"has-text-align-left\"><\/p>\n","protected":false},"excerpt":{"rendered":"<p>Il progetto studia la disuguaglianza economica e razziale\/etnica analizzando le determinanti della volont\u00e0 degli individui di redistribuire a favore delle persone svantaggiate. Attraverso un approccio multidisciplinare e quali-quantitativo, il progetto testa l\u2019efficacia di misure centrate sul ruolo dell\u2019identit\u00e0 volte a migliorare l\u2019atteggiamento nei confronti della redistribuzione e, come tale, a ridurre le disuguaglianze. Il progetto [&hellip;]<\/p>\n","protected":false},"author":215,"featured_media":0,"parent":0,"menu_order":0,"comment_status":"closed","ping_status":"closed","template":"","meta":{"_acf_changed":false,"footnotes":""},"class_list":["post-690","page","type-page","status-publish","hentry"],"acf":[],"_links":{"self":[{"href":"https:\/\/bid.unimi.it\/it\/wp-json\/wp\/v2\/pages\/690"}],"collection":[{"href":"https:\/\/bid.unimi.it\/it\/wp-json\/wp\/v2\/pages"}],"about":[{"href":"https:\/\/bid.unimi.it\/it\/wp-json\/wp\/v2\/types\/page"}],"author":[{"embeddable":true,"href":"https:\/\/bid.unimi.it\/it\/wp-json\/wp\/v2\/users\/215"}],"replies":[{"embeddable":true,"href":"https:\/\/bid.unimi.it\/it\/wp-json\/wp\/v2\/comments?post=690"}],"version-history":[{"count":3,"href":"https:\/\/bid.unimi.it\/it\/wp-json\/wp\/v2\/pages\/690\/revisions"}],"predecessor-version":[{"id":793,"href":"https:\/\/bid.unimi.it\/it\/wp-json\/wp\/v2\/pages\/690\/revisions\/793"}],"wp:attachment":[{"href":"https:\/\/bid.unimi.it\/it\/wp-json\/wp\/v2\/media?parent=690"}],"curies":[{"name":"wp","href":"https:\/\/api.w.org\/{rel}","templated":true}]}}