{"id":694,"date":"2023-11-17T11:35:36","date_gmt":"2023-11-17T10:35:36","guid":{"rendered":"https:\/\/bid.unimi.it\/?page_id=694"},"modified":"2025-01-17T19:22:30","modified_gmt":"2025-01-17T18:22:30","slug":"prodotti-della-ricerca","status":"publish","type":"page","link":"https:\/\/bid.unimi.it\/it\/prodotti-della-ricerca\/","title":{"rendered":"Prodotti della ricerca"},"content":{"rendered":"\n<div class=\"wp-block-group minicard\"><div class=\"wp-block-group__inner-container is-layout-constrained wp-block-group-is-layout-constrained\">\n<h4 class=\"wp-block-heading\">Cattaneo, Cristina, Grieco, Daniela e Daminato, Claudio (2023). &#8220;Who Deserves Redistribution? The Role of Prosocial Motives&#8221;.<\/h4>\n\n\n\n<p>SSRN:&nbsp;<a href=\"https:\/\/dx.doi.org\/10.2139\/ssrn.4523823\" target=\"_blank\" rel=\"noreferrer noopener\">http:\/\/dx.doi.org\/10.2139\/ssrn.4523823<\/a><\/p>\n\n\n\n<p><strong>Abstract:<\/strong> <\/p>\n\n\n\n<p><em>L\u2019articolo studia come le scelte redistributive premino il sacrificio dei propri interessi per il bene della comunit\u00e0 e se ci\u00f2 introduca un trade-off tra la volont\u00e0 di premiare la cooperazione e un puro ideale meritocratico. L\u2019articolo presenta un esperimento online che raccoglie informazioni sulla redistribuzione a favore di soggetti che differiscono per performance e ricchezza relativa. Le stime in forma ridotta indicano che il comportamento cooperativo gioca un ruolo importante nel far s\u00ec che le persone siano considerate meritevoli di un intervento redistributivo. Inoltre, i risultati mostrano che la redistribuzione premia la cooperazione a seconda della ricchezza dei soggetti. Quando i soggetti pi\u00f9 ricchi mostrano lo stesso comportamento (non) cooperativo di quelli pi\u00f9 poveri, vengono ricompensati meno (puniti di pi\u00f9) rispetto a quelli pi\u00f9 poveri. Per quantificare il peso del comportamento cooperativo nelle scelte redistributive, presentiamo un modello e ne stimiamo strutturalmente i parametri. La stima strutturale mostra che una percentuale compresa tra il 37% e il 56% della redistribuzione totale sia determinata da preoccupazioni di reciprocit\u00e0.<\/em><\/p>\n\n\n\n<h4 class=\"wp-block-heading\">Cattaneo, Cristina, Grieco, Daniela, Lacetera, Nicola, e Macis, Mario (2024). &#8220;Out-Group Penalties in Refugee Assistance: A Survey Experiment&#8221;.<\/h4>\n\n\n\n<p>NBER:\u00a0<a href=\"https:\/\/dx.doi.org\/10.2139\/ssrn.4523823\" target=\"_blank\" rel=\"noreferrer noopener\">https:\/\/www.nber.org\/papers\/w32139<\/a><\/p>\n\n\n\n<p><strong>Abstract:<\/strong> <\/p>\n\n\n\n<p><em>Attraverso un survey experiment condotto online su un campione di 4.087 partecipanti rappresentativi della popolazione italiani, questo articolo studia come i pregiudizi verso i membri di gruppi percepiti come &#8220;distanti&#8221; in termini di identit\u00e0 influenzino le attitudini nei confronti dei rifugiati e determinino l&#8217;efficacia percepita delle politiche di immigrazione dell&#8217;Unione Europea (UE). La misurazione dell&#8217;atteggiamento verso i rifugiati avviene attraverso le donazioni a favore di uno tra i seguenti gruppi: vittime italiane di violenza o rifugiati in fuga dalle guerre in Ucraina o nei paesi africani. Lo studio introduce inoltre una nuova misura, la percentuale donata in contanti. I risultati mostrano che, mentre le donazioni rivelano un minor supporto per i rifugiati africani e ucraini rispetto alle vittime italiane, la misura in contanti suggerisce la presenza di un pregiudizio pi\u00f9 forte contro i rifugiati africani, che ricevono un livello significativamente minore di donazioni in contanti. Fornire informazioni su riforme delle politiche migratorie che attribuiscano all&#8217;UE un ruolo pi\u00f9 significativo nel ricevere e allocare i rifugiati non sembra avere alcun effetto. <\/em><\/p>\n\n\n\n<h4 class=\"wp-block-heading\">Charness, Gary, e Grieco, Daniela (2024). &#8220;Blue Lies&#8221;.<\/h4>\n\n\n\n<p>SSRN:\u00a0<a href=\"https:\/\/dx.doi.org\/10.2139\/ssrn.4523823\" target=\"_blank\" rel=\"noreferrer noopener\">https:\/\/papers.ssrn.com\/sol3\/papers.cfm?abstract_id=4790266<\/a><\/p>\n\n\n\n<p><strong>Abstract:<\/strong> <\/p>\n\n\n\n<p><em>Nel gioco delle &#8220;bugie blu&#8221;, i partecipanti possono decidere di mentire a favore di se stessi e del proprio gruppo di appartenenza, e a discapito delle persone che non appartengono al loro gruppo. I nostri risultati mostrano che le bugie blu sono pervasive e dannose per la societ\u00e0. Diminuiscono in presenza di una norma di correttezza e veridicit\u00e0 prevalente all&#8217;interno del gruppo, ma aumentano quando la stessa norma \u00e8 esibita dal gruppo esterno. Una forte identit\u00e0 di gruppo determina una maggiore sensibilit\u00e0 alla norma del gruppo di appartenenza. La possibilit\u00e0 di rimanere in silenzio riduce sostanzialmente il numero di bugie blu, indebolisce gli effetti delle norme e aumenta il benessere sociale. L&#8217;articolo presenta un modello strutturale che permette di distinguere tra le possibili determinanti delle bugie blu e di quantificare l&#8217;eventuale perdita di benessere sociale da esse conseguenti.<\/em><\/p>\n<\/div><\/div>\n","protected":false},"excerpt":{"rendered":"<p>Cattaneo, Cristina, Grieco, Daniela e Daminato, Claudio (2023). &#8220;Who Deserves Redistribution? The Role of Prosocial Motives&#8221;. SSRN:&nbsp;http:\/\/dx.doi.org\/10.2139\/ssrn.4523823 Abstract: L\u2019articolo studia come le scelte redistributive premino il sacrificio dei propri interessi per il bene della comunit\u00e0 e se ci\u00f2 introduca un trade-off tra la volont\u00e0 di premiare la cooperazione e un puro ideale meritocratico. L\u2019articolo presenta [&hellip;]<\/p>\n","protected":false},"author":215,"featured_media":0,"parent":0,"menu_order":0,"comment_status":"closed","ping_status":"closed","template":"","meta":{"_acf_changed":false,"footnotes":""},"class_list":["post-694","page","type-page","status-publish","hentry"],"acf":[],"_links":{"self":[{"href":"https:\/\/bid.unimi.it\/it\/wp-json\/wp\/v2\/pages\/694"}],"collection":[{"href":"https:\/\/bid.unimi.it\/it\/wp-json\/wp\/v2\/pages"}],"about":[{"href":"https:\/\/bid.unimi.it\/it\/wp-json\/wp\/v2\/types\/page"}],"author":[{"embeddable":true,"href":"https:\/\/bid.unimi.it\/it\/wp-json\/wp\/v2\/users\/215"}],"replies":[{"embeddable":true,"href":"https:\/\/bid.unimi.it\/it\/wp-json\/wp\/v2\/comments?post=694"}],"version-history":[{"count":2,"href":"https:\/\/bid.unimi.it\/it\/wp-json\/wp\/v2\/pages\/694\/revisions"}],"predecessor-version":[{"id":863,"href":"https:\/\/bid.unimi.it\/it\/wp-json\/wp\/v2\/pages\/694\/revisions\/863"}],"wp:attachment":[{"href":"https:\/\/bid.unimi.it\/it\/wp-json\/wp\/v2\/media?parent=694"}],"curies":[{"name":"wp","href":"https:\/\/api.w.org\/{rel}","templated":true}]}}