{"id":765,"date":"2023-11-17T11:39:06","date_gmt":"2023-11-17T10:39:06","guid":{"rendered":"https:\/\/bid.unimi.it\/?page_id=765"},"modified":"2023-12-12T19:45:17","modified_gmt":"2023-12-12T18:45:17","slug":"workshops","status":"publish","type":"page","link":"https:\/\/bid.unimi.it\/it\/eventi\/workshops\/","title":{"rendered":"Workshop Nelle Scuole"},"content":{"rendered":"\n<p>Grazie alla collaborazione con WeWorld, nelle giornate dal 9 al 10 e dal 16 al 17 Ottobre sono stati realizzati dei workshop presso l&#8217;Istituto Marconi, una scuola superiore di Gorgonzola (Milano). I workshop hanno coinvolto studenti con background eterogeneo e\/o multietnico. Attraverso tre attivit\u00e0, abbiamo promosso uno scambio bidirezionale in cui i risultati della ricerca si sono confrontati con la percezione della disuguaglianza e dell\u2019identit\u00e0 dei giovani.\u00a0<\/p>\n\n\n\n<h4 class=\"wp-block-heading\">Esposizione Fotografica<\/h4>\n\n\n\n<p>Un&#8217;iniziale esposizione fotografica ha introdotto gli studenti ai concetti di identit\u00e0 e disuguaglianza. Partendo da un gioco, i ragazzi si sono cimentati al tiro con l&#8217;arco per evocare come l&#8217;identit\u00e0 possa essere un fattore predeterminato, che non scegliamo. Successivamente, il tema della percezione dell&#8217;immigrazione \u00e8 stato introdotto mediante alcune foto di migranti provenienti da diversi contesti e attraverso testimonianze che hanno messo in luce l&#8217;opinione dei cittadini italiani su rifugiati e migranti che vivono in Italia. <\/p>\n\n\n\n<figure class=\"wp-block-gallery has-nested-images columns-default is-cropped wp-block-gallery-1 is-layout-flex wp-block-gallery-is-layout-flex\">\n<figure class=\"wp-block-image size-full\"><a href=\"https:\/\/bid.unimi.it\/wp-content\/uploads\/sites\/87\/2023\/11\/WeWorld_BID-4-e1699038226818-1024x548-1.jpg\"><img loading=\"lazy\" decoding=\"async\" width=\"1024\" height=\"548\" data-id=\"648\" src=\"https:\/\/bid.unimi.it\/wp-content\/uploads\/sites\/87\/2023\/11\/WeWorld_BID-4-e1699038226818-1024x548-1.jpg\" alt=\"\" class=\"wp-image-648\" srcset=\"https:\/\/bid.unimi.it\/wp-content\/uploads\/sites\/87\/2023\/11\/WeWorld_BID-4-e1699038226818-1024x548-1.jpg 1024w, https:\/\/bid.unimi.it\/wp-content\/uploads\/sites\/87\/2023\/11\/WeWorld_BID-4-e1699038226818-1024x548-1-600x321.jpg 600w, https:\/\/bid.unimi.it\/wp-content\/uploads\/sites\/87\/2023\/11\/WeWorld_BID-4-e1699038226818-1024x548-1-768x411.jpg 768w\" sizes=\"(max-width: 1024px) 100vw, 1024px\" \/><\/a><\/figure>\n\n\n\n<figure class=\"wp-block-image size-full\"><a href=\"https:\/\/bid.unimi.it\/wp-content\/uploads\/sites\/87\/2023\/11\/WeWorld_BID-6-1024x794-1.jpg\"><img loading=\"lazy\" decoding=\"async\" width=\"1024\" height=\"794\" data-id=\"650\" src=\"https:\/\/bid.unimi.it\/wp-content\/uploads\/sites\/87\/2023\/11\/WeWorld_BID-6-1024x794-1.jpg\" alt=\"\" class=\"wp-image-650\" srcset=\"https:\/\/bid.unimi.it\/wp-content\/uploads\/sites\/87\/2023\/11\/WeWorld_BID-6-1024x794-1.jpg 1024w, https:\/\/bid.unimi.it\/wp-content\/uploads\/sites\/87\/2023\/11\/WeWorld_BID-6-1024x794-1-600x465.jpg 600w, https:\/\/bid.unimi.it\/wp-content\/uploads\/sites\/87\/2023\/11\/WeWorld_BID-6-1024x794-1-768x596.jpg 768w\" sizes=\"(max-width: 1024px) 100vw, 1024px\" \/><\/a><\/figure>\n\n\n\n<figure class=\"wp-block-image size-full\"><a href=\"https:\/\/bid.unimi.it\/wp-content\/uploads\/sites\/87\/2023\/11\/WeWorld_BID-7-1024x686-1.jpg\"><img loading=\"lazy\" decoding=\"async\" width=\"1024\" height=\"686\" data-id=\"652\" src=\"https:\/\/bid.unimi.it\/wp-content\/uploads\/sites\/87\/2023\/11\/WeWorld_BID-7-1024x686-1.jpg\" alt=\"\" class=\"wp-image-652\" srcset=\"https:\/\/bid.unimi.it\/wp-content\/uploads\/sites\/87\/2023\/11\/WeWorld_BID-7-1024x686-1.jpg 1024w, https:\/\/bid.unimi.it\/wp-content\/uploads\/sites\/87\/2023\/11\/WeWorld_BID-7-1024x686-1-600x402.jpg 600w, https:\/\/bid.unimi.it\/wp-content\/uploads\/sites\/87\/2023\/11\/WeWorld_BID-7-1024x686-1-768x515.jpg 768w\" sizes=\"(max-width: 1024px) 100vw, 1024px\" \/><\/a><\/figure>\n<\/figure>\n\n\n\n<div style=\"height:32px\" aria-hidden=\"true\" class=\"wp-block-spacer\"><\/div>\n\n\n\n<hr class=\"wp-block-separator has-alpha-channel-opacity\" \/>\n\n\n\n<div style=\"height:32px\" aria-hidden=\"true\" class=\"wp-block-spacer\"><\/div>\n\n\n\n<h4 class=\"wp-block-heading\">Formazione e Workshop<\/h4>\n\n\n\n<p>A seguire, una sessione condotta da formatrici con la presenza dei ricercatori ha segnato il punto di partenza per un dibattito stimolante sull&#8217;identit\u00e0 e la percezione di essa, e sulle loro implicazioni nella quotidianit\u00e0. Infine, gli studenti hanno preso parte a giochi ed attivit\u00e0 di gruppo, pensando e confrontandosi su come percepiscono se stessi e gli altri e riflettendo su come l&#8217;identit\u00e0 influenzi atteggiamenti e decisioni.<\/p>\n\n\n\n<figure class=\"wp-block-gallery has-nested-images columns-default is-cropped wp-block-gallery-2 is-layout-flex wp-block-gallery-is-layout-flex\">\n<figure class=\"wp-block-image size-full\"><a href=\"https:\/\/bid.unimi.it\/wp-content\/uploads\/sites\/87\/2023\/11\/WeWorld_BID-2-1024x683-1.jpg\"><img loading=\"lazy\" decoding=\"async\" width=\"1024\" height=\"683\" data-id=\"646\" src=\"https:\/\/bid.unimi.it\/wp-content\/uploads\/sites\/87\/2023\/11\/WeWorld_BID-2-1024x683-1.jpg\" alt=\"\" class=\"wp-image-646\" srcset=\"https:\/\/bid.unimi.it\/wp-content\/uploads\/sites\/87\/2023\/11\/WeWorld_BID-2-1024x683-1.jpg 1024w, https:\/\/bid.unimi.it\/wp-content\/uploads\/sites\/87\/2023\/11\/WeWorld_BID-2-1024x683-1-600x400.jpg 600w, https:\/\/bid.unimi.it\/wp-content\/uploads\/sites\/87\/2023\/11\/WeWorld_BID-2-1024x683-1-768x512.jpg 768w\" sizes=\"(max-width: 1024px) 100vw, 1024px\" \/><\/a><\/figure>\n\n\n\n<figure class=\"wp-block-image size-full\"><a href=\"https:\/\/bid.unimi.it\/wp-content\/uploads\/sites\/87\/2023\/11\/WeWorld_BID-1-1.jpg\"><img loading=\"lazy\" decoding=\"async\" width=\"1008\" height=\"756\" data-id=\"644\" src=\"https:\/\/bid.unimi.it\/wp-content\/uploads\/sites\/87\/2023\/11\/WeWorld_BID-1-1.jpg\" alt=\"\" class=\"wp-image-644\" srcset=\"https:\/\/bid.unimi.it\/wp-content\/uploads\/sites\/87\/2023\/11\/WeWorld_BID-1-1.jpg 1008w, https:\/\/bid.unimi.it\/wp-content\/uploads\/sites\/87\/2023\/11\/WeWorld_BID-1-1-600x450.jpg 600w, https:\/\/bid.unimi.it\/wp-content\/uploads\/sites\/87\/2023\/11\/WeWorld_BID-1-1-768x576.jpg 768w\" sizes=\"(max-width: 1008px) 100vw, 1008px\" \/><\/a><\/figure>\n\n\n\n<figure class=\"wp-block-image size-full\"><a href=\"https:\/\/bid.unimi.it\/wp-content\/uploads\/sites\/87\/2023\/11\/tempImageR9tsS3.jpg\"><img loading=\"lazy\" decoding=\"async\" width=\"1008\" height=\"756\" data-id=\"642\" src=\"https:\/\/bid.unimi.it\/wp-content\/uploads\/sites\/87\/2023\/11\/tempImageR9tsS3.jpg\" alt=\"\" class=\"wp-image-642\" srcset=\"https:\/\/bid.unimi.it\/wp-content\/uploads\/sites\/87\/2023\/11\/tempImageR9tsS3.jpg 1008w, https:\/\/bid.unimi.it\/wp-content\/uploads\/sites\/87\/2023\/11\/tempImageR9tsS3-600x450.jpg 600w, https:\/\/bid.unimi.it\/wp-content\/uploads\/sites\/87\/2023\/11\/tempImageR9tsS3-768x576.jpg 768w\" sizes=\"(max-width: 1008px) 100vw, 1008px\" \/><\/a><\/figure>\n<\/figure>\n\n\n\n<div style=\"height:32px\" aria-hidden=\"true\" class=\"wp-block-spacer\"><\/div>\n\n\n\n<p>I workshop hanno avuto la partecipazione di pi\u00f9 di 80 studenti e di diversi formatori. L&#8217;iniziativa ci ha permesso di raccogliere con successo spunti e opinioni dal segmento pi\u00f9 giovane della popolazione. Per gli studenti, esplorare con quale forma di identit\u00e0 si identificano e quale sia il significato di inclusione per loro, ha rappresentato un importante momento di riflessione. Per i ricercatori, l&#8217;interazione con gli studenti ha rappresentato un&#8217;occasione preziosa per comprenderne il punto di vista e trarre nuovi spunti per domande di ricerca future.<\/p>\n","protected":false},"excerpt":{"rendered":"<p>Grazie alla collaborazione con WeWorld, nelle giornate dal 9 al 10 e dal 16 al 17 Ottobre sono stati realizzati dei workshop presso l&#8217;Istituto Marconi, una scuola superiore di Gorgonzola (Milano). I workshop hanno coinvolto studenti con background eterogeneo e\/o multietnico. Attraverso tre attivit\u00e0, abbiamo promosso uno scambio bidirezionale in cui i risultati della ricerca [&hellip;]<\/p>\n","protected":false},"author":216,"featured_media":0,"parent":773,"menu_order":10,"comment_status":"closed","ping_status":"closed","template":"","meta":{"_acf_changed":false,"footnotes":""},"class_list":["post-765","page","type-page","status-publish","hentry"],"acf":[],"_links":{"self":[{"href":"https:\/\/bid.unimi.it\/it\/wp-json\/wp\/v2\/pages\/765"}],"collection":[{"href":"https:\/\/bid.unimi.it\/it\/wp-json\/wp\/v2\/pages"}],"about":[{"href":"https:\/\/bid.unimi.it\/it\/wp-json\/wp\/v2\/types\/page"}],"author":[{"embeddable":true,"href":"https:\/\/bid.unimi.it\/it\/wp-json\/wp\/v2\/users\/216"}],"replies":[{"embeddable":true,"href":"https:\/\/bid.unimi.it\/it\/wp-json\/wp\/v2\/comments?post=765"}],"version-history":[{"count":5,"href":"https:\/\/bid.unimi.it\/it\/wp-json\/wp\/v2\/pages\/765\/revisions"}],"predecessor-version":[{"id":817,"href":"https:\/\/bid.unimi.it\/it\/wp-json\/wp\/v2\/pages\/765\/revisions\/817"}],"up":[{"embeddable":true,"href":"https:\/\/bid.unimi.it\/it\/wp-json\/wp\/v2\/pages\/773"}],"wp:attachment":[{"href":"https:\/\/bid.unimi.it\/it\/wp-json\/wp\/v2\/media?parent=765"}],"curies":[{"name":"wp","href":"https:\/\/api.w.org\/{rel}","templated":true}]}}